{"id":1032,"date":"2015-05-15T13:08:54","date_gmt":"2015-05-15T13:08:54","guid":{"rendered":"http:\/\/www.casadocontroleremoto.com.br\/atacado\/?post_type=product&#038;p=1032"},"modified":"2025-09-11T14:37:37","modified_gmt":"2025-09-11T14:37:37","slug":"cr-2091","status":"publish","type":"product","link":"https:\/\/www.casadocontroleremoto.com.br\/atacado\/produto\/cr-2091\/","title":{"rendered":"CR-2091  PORT\u00c3O AUTOM\u00c1TICO LINEAR 3 COMANDOS HCS 433,92 MHZ (COMPAT\u00cdVEL COM 3 COMANDOS)"},"content":{"rendered":"<p>433 Mhz 2 Teclas TX3 T-B Azul Linear<\/p>\n<p>2 Comandos (COMPAT\u00cdVEL COM 3 COMANDOS)<\/p>\n","protected":false},"excerpt":{"rendered":"<p>HCS 433,92 MHZ<\/p>\n<p>HCS 433,92 M<\/p>\n","protected":false},"featured_media":14428,"comment_status":"open","ping_status":"closed","template":"","meta":{"_et_pb_use_builder":"","_et_pb_old_content":"","_et_gb_content_width":""},"product_brand":[],"product_cat":[21,82],"product_tag":[],"class_list":{"0":"post-1032","1":"product","2":"type-product","3":"status-publish","4":"has-post-thumbnail","6":"product_cat-originais","7":"product_cat-portao-automatico","9":"first","10":"instock","11":"shipping-taxable","12":"purchasable","13":"product-type-simple"},"aioseo_notices":[],"_links":{"self":[{"href":"https:\/\/www.casadocontroleremoto.com.br\/atacado\/wp-json\/wp\/v2\/product\/1032","targetHints":{"allow":["GET"]}}],"collection":[{"href":"https:\/\/www.casadocontroleremoto.com.br\/atacado\/wp-json\/wp\/v2\/product"}],"about":[{"href":"https:\/\/www.casadocontroleremoto.com.br\/atacado\/wp-json\/wp\/v2\/types\/product"}],"replies":[{"embeddable":true,"href":"https:\/\/www.casadocontroleremoto.com.br\/atacado\/wp-json\/wp\/v2\/comments?post=1032"}],"wp:featuredmedia":[{"embeddable":true,"href":"https:\/\/www.casadocontroleremoto.com.br\/atacado\/wp-json\/wp\/v2\/media\/14428"}],"wp:attachment":[{"href":"https:\/\/www.casadocontroleremoto.com.br\/atacado\/wp-json\/wp\/v2\/media?parent=1032"}],"wp:term":[{"taxonomy":"product_brand","embeddable":true,"href":"https:\/\/www.casadocontroleremoto.com.br\/atacado\/wp-json\/wp\/v2\/product_brand?post=1032"},{"taxonomy":"product_cat","embeddable":true,"href":"https:\/\/www.casadocontroleremoto.com.br\/atacado\/wp-json\/wp\/v2\/product_cat?post=1032"},{"taxonomy":"product_tag","embeddable":true,"href":"https:\/\/www.casadocontroleremoto.com.br\/atacado\/wp-json\/wp\/v2\/product_tag?post=1032"}],"curies":[{"name":"wp","href":"https:\/\/api.w.org\/{rel}","templated":true}]}}