{"id":15401,"date":"2025-01-13T19:17:57","date_gmt":"2025-01-13T19:17:57","guid":{"rendered":"https:\/\/www.casadocontroleremoto.com.br\/atacado\/?post_type=product&#038;p=15401"},"modified":"2025-05-14T21:25:44","modified_gmt":"2025-05-14T21:25:44","slug":"cr-3380-portao-automatico-linear-nice-3-comandos-43392-mhz-tx-3tb","status":"publish","type":"product","link":"https:\/\/www.casadocontroleremoto.com.br\/atacado\/produto\/cr-3380-portao-automatico-linear-nice-3-comandos-43392-mhz-tx-3tb\/","title":{"rendered":"CR-3380 Port\u00e3o autom\u00e1tico LINEAR NICE 3 COMANDOS 433,92 MHZ TX 3TB"},"content":{"rendered":"<p>Port\u00e3o autom\u00e1tico LINEAR NICE 3 COMANDOS 433,92 MHZ TX 3TB<\/p>\n","protected":false},"excerpt":{"rendered":"<p>Port\u00e3o autom\u00e1tico LINEAR NICE 3 COMANDOS 433,92 MHZ TX 3TB<\/p>\n","protected":false},"featured_media":15404,"comment_status":"open","ping_status":"closed","template":"","meta":{"_et_pb_use_builder":"","_et_pb_old_content":"","_et_gb_content_width":""},"product_brand":[],"product_cat":[212],"product_tag":[],"class_list":{"0":"post-15401","1":"product","2":"type-product","3":"status-publish","4":"has-post-thumbnail","6":"product_cat-sem-categoria","8":"first","9":"instock","10":"shipping-taxable","11":"purchasable","12":"product-type-simple"},"aioseo_notices":[],"_links":{"self":[{"href":"https:\/\/www.casadocontroleremoto.com.br\/atacado\/wp-json\/wp\/v2\/product\/15401","targetHints":{"allow":["GET"]}}],"collection":[{"href":"https:\/\/www.casadocontroleremoto.com.br\/atacado\/wp-json\/wp\/v2\/product"}],"about":[{"href":"https:\/\/www.casadocontroleremoto.com.br\/atacado\/wp-json\/wp\/v2\/types\/product"}],"replies":[{"embeddable":true,"href":"https:\/\/www.casadocontroleremoto.com.br\/atacado\/wp-json\/wp\/v2\/comments?post=15401"}],"wp:featuredmedia":[{"embeddable":true,"href":"https:\/\/www.casadocontroleremoto.com.br\/atacado\/wp-json\/wp\/v2\/media\/15404"}],"wp:attachment":[{"href":"https:\/\/www.casadocontroleremoto.com.br\/atacado\/wp-json\/wp\/v2\/media?parent=15401"}],"wp:term":[{"taxonomy":"product_brand","embeddable":true,"href":"https:\/\/www.casadocontroleremoto.com.br\/atacado\/wp-json\/wp\/v2\/product_brand?post=15401"},{"taxonomy":"product_cat","embeddable":true,"href":"https:\/\/www.casadocontroleremoto.com.br\/atacado\/wp-json\/wp\/v2\/product_cat?post=15401"},{"taxonomy":"product_tag","embeddable":true,"href":"https:\/\/www.casadocontroleremoto.com.br\/atacado\/wp-json\/wp\/v2\/product_tag?post=15401"}],"curies":[{"name":"wp","href":"https:\/\/api.w.org\/{rel}","templated":true}]}}