{"id":15427,"date":"2025-03-12T16:52:22","date_gmt":"2025-03-12T16:52:22","guid":{"rendered":"https:\/\/www.casadocontroleremoto.com.br\/atacado\/?post_type=product&#038;p=15427"},"modified":"2025-03-12T16:52:22","modified_gmt":"2025-03-12T16:52:22","slug":"cr-3387-projetor-universal-2-4g-e-mouse-usb-le-7655","status":"publish","type":"product","link":"https:\/\/www.casadocontroleremoto.com.br\/atacado\/produto\/cr-3387-projetor-universal-2-4g-e-mouse-usb-le-7655\/","title":{"rendered":"CR-3387 Projetor Universal 2.4G e Mouse USB LE-7655"},"content":{"rendered":"<p>Projetor Universal 2.4G e Mouse USB LE-7655<\/p>\n<p>M\u00e9todos de emparelhamento Ap\u00f3s ligar o dispositivo do controle remoto, remova e reinsira o receptor USB. Mantenha o controle remoto pr\u00f3ximo ao receptor USB e pressione e segure ao mesmo tempo as teclas &#8220;OK&#8221; e &#8220;Retorno&#8221; por 5 segundos. Ap\u00f3s 5 segundos, o emparelhamento ser\u00e1 bem-sucedido. ESPECIFICA\u00c7\u00c3O: DIST\u00c2NCIA OPERACIONAL: 10 METROS CONT\u00c9M MANUAL DO USU\u00c1RIO, CONECTOR WIRELESS 2.4G<\/p>\n","protected":false},"excerpt":{"rendered":"<p>Projetor Universal 2.4G e Mouse USB LE-7655 M\u00e9todos de emparelhamento Ap\u00f3s ligar o dispositivo do controle remoto, remova e reinsira o receptor USB. Mantenha o controle remoto pr\u00f3ximo ao receptor USB e pressione e segure ao mesmo tempo as teclas &#8220;OK&#8221; e &#8220;Retorno&#8221; por 5 segundos. Ap\u00f3s 5 segundos, o emparelhamento ser\u00e1 bem-sucedido. ESPECIFICA\u00c7\u00c3O: DIST\u00c2NCIA [&hellip;]<\/p>\n","protected":false},"featured_media":15428,"comment_status":"open","ping_status":"closed","template":"","meta":{"_et_pb_use_builder":"","_et_pb_old_content":"","_et_gb_content_width":""},"product_brand":[],"product_cat":[270,271],"product_tag":[],"class_list":{"0":"post-15427","1":"product","2":"type-product","3":"status-publish","4":"has-post-thumbnail","6":"product_cat-projetor","7":"product_cat-universal-2","9":"first","10":"instock","11":"shipping-taxable","12":"purchasable","13":"product-type-simple"},"aioseo_notices":[],"_links":{"self":[{"href":"https:\/\/www.casadocontroleremoto.com.br\/atacado\/wp-json\/wp\/v2\/product\/15427","targetHints":{"allow":["GET"]}}],"collection":[{"href":"https:\/\/www.casadocontroleremoto.com.br\/atacado\/wp-json\/wp\/v2\/product"}],"about":[{"href":"https:\/\/www.casadocontroleremoto.com.br\/atacado\/wp-json\/wp\/v2\/types\/product"}],"replies":[{"embeddable":true,"href":"https:\/\/www.casadocontroleremoto.com.br\/atacado\/wp-json\/wp\/v2\/comments?post=15427"}],"wp:featuredmedia":[{"embeddable":true,"href":"https:\/\/www.casadocontroleremoto.com.br\/atacado\/wp-json\/wp\/v2\/media\/15428"}],"wp:attachment":[{"href":"https:\/\/www.casadocontroleremoto.com.br\/atacado\/wp-json\/wp\/v2\/media?parent=15427"}],"wp:term":[{"taxonomy":"product_brand","embeddable":true,"href":"https:\/\/www.casadocontroleremoto.com.br\/atacado\/wp-json\/wp\/v2\/product_brand?post=15427"},{"taxonomy":"product_cat","embeddable":true,"href":"https:\/\/www.casadocontroleremoto.com.br\/atacado\/wp-json\/wp\/v2\/product_cat?post=15427"},{"taxonomy":"product_tag","embeddable":true,"href":"https:\/\/www.casadocontroleremoto.com.br\/atacado\/wp-json\/wp\/v2\/product_tag?post=15427"}],"curies":[{"name":"wp","href":"https:\/\/api.w.org\/{rel}","templated":true}]}}