{"id":1709,"date":"2015-05-18T15:14:33","date_gmt":"2015-05-18T15:14:33","guid":{"rendered":"http:\/\/www.casadocontroleremoto.com.br\/atacado\/?post_type=product&#038;p=1709"},"modified":"2020-09-11T16:20:57","modified_gmt":"2020-09-11T16:20:57","slug":"cr-1387","status":"publish","type":"product","link":"https:\/\/www.casadocontroleremoto.com.br\/atacado\/produto\/cr-1387\/","title":{"rendered":"CR-1387 PORT\u00c3O PPA TOK 292MHZ"},"content":{"rendered":"<p>Sistema de codifica\u00e7\u00e3o: Code Learning<br \/>\nFrequ\u00eancia: 292MHz.<\/p>\n<p>&nbsp;<\/p>\n","protected":false},"excerpt":{"rendered":"<p>292 MHZ<\/p>\n<p>292 MHZ<\/p>\n<p>&nbsp;<\/p>\n","protected":false},"featured_media":1710,"comment_status":"open","ping_status":"closed","template":"","meta":{"_et_pb_use_builder":"","_et_pb_old_content":"","_et_gb_content_width":""},"product_brand":[],"product_cat":[21,82],"product_tag":[],"class_list":{"0":"post-1709","1":"product","2":"type-product","3":"status-publish","4":"has-post-thumbnail","6":"product_cat-originais","7":"product_cat-portao-automatico","9":"first","10":"outofstock","11":"shipping-taxable","12":"product-type-simple"},"aioseo_notices":[],"_links":{"self":[{"href":"https:\/\/www.casadocontroleremoto.com.br\/atacado\/wp-json\/wp\/v2\/product\/1709","targetHints":{"allow":["GET"]}}],"collection":[{"href":"https:\/\/www.casadocontroleremoto.com.br\/atacado\/wp-json\/wp\/v2\/product"}],"about":[{"href":"https:\/\/www.casadocontroleremoto.com.br\/atacado\/wp-json\/wp\/v2\/types\/product"}],"replies":[{"embeddable":true,"href":"https:\/\/www.casadocontroleremoto.com.br\/atacado\/wp-json\/wp\/v2\/comments?post=1709"}],"wp:featuredmedia":[{"embeddable":true,"href":"https:\/\/www.casadocontroleremoto.com.br\/atacado\/wp-json\/wp\/v2\/media\/1710"}],"wp:attachment":[{"href":"https:\/\/www.casadocontroleremoto.com.br\/atacado\/wp-json\/wp\/v2\/media?parent=1709"}],"wp:term":[{"taxonomy":"product_brand","embeddable":true,"href":"https:\/\/www.casadocontroleremoto.com.br\/atacado\/wp-json\/wp\/v2\/product_brand?post=1709"},{"taxonomy":"product_cat","embeddable":true,"href":"https:\/\/www.casadocontroleremoto.com.br\/atacado\/wp-json\/wp\/v2\/product_cat?post=1709"},{"taxonomy":"product_tag","embeddable":true,"href":"https:\/\/www.casadocontroleremoto.com.br\/atacado\/wp-json\/wp\/v2\/product_tag?post=1709"}],"curies":[{"name":"wp","href":"https:\/\/api.w.org\/{rel}","templated":true}]}}