{"id":2367,"date":"2015-05-20T12:09:31","date_gmt":"2015-05-20T12:09:31","guid":{"rendered":"http:\/\/www.casadocontroleremoto.com.br\/atacado\/?post_type=product&#038;p=2367"},"modified":"2015-07-21T19:32:36","modified_gmt":"2015-07-21T19:32:36","slug":"cr-1272","status":"publish","type":"product","link":"https:\/\/www.casadocontroleremoto.com.br\/atacado\/produto\/cr-1272\/","title":{"rendered":"CR-1272 TV ZENITH substitui todos os modelos"},"content":{"rendered":"<p>SUBSTITUI TODOS OS CONTROLES TV ZENITH, FAZ TODAS AS FUN\u00c7\u00d5ES \u00c9 TMB UNIVERSAL<\/p>\n<p>SUBSTITUI TO<\/p>\n","protected":false},"excerpt":{"rendered":"<p>SUBSTITUI TODOS OS CONTROLES TV ZENITH, FAZ TODAS AS FUN\u00c7\u00d5ES \u00c9 TMB UNIVERSAL<\/p>\n<p>SUBSTITUI TO<\/p>\n","protected":false},"featured_media":2368,"comment_status":"open","ping_status":"closed","template":"","meta":{"_et_pb_use_builder":"","_et_pb_old_content":"","_et_gb_content_width":""},"product_brand":[],"product_cat":[24,180],"product_tag":[],"class_list":{"0":"post-2367","1":"product","2":"type-product","3":"status-publish","4":"has-post-thumbnail","6":"product_cat-paralelos","7":"product_cat-zenith","9":"first","10":"outofstock","11":"shipping-taxable","12":"product-type-simple"},"aioseo_notices":[],"_links":{"self":[{"href":"https:\/\/www.casadocontroleremoto.com.br\/atacado\/wp-json\/wp\/v2\/product\/2367","targetHints":{"allow":["GET"]}}],"collection":[{"href":"https:\/\/www.casadocontroleremoto.com.br\/atacado\/wp-json\/wp\/v2\/product"}],"about":[{"href":"https:\/\/www.casadocontroleremoto.com.br\/atacado\/wp-json\/wp\/v2\/types\/product"}],"replies":[{"embeddable":true,"href":"https:\/\/www.casadocontroleremoto.com.br\/atacado\/wp-json\/wp\/v2\/comments?post=2367"}],"wp:featuredmedia":[{"embeddable":true,"href":"https:\/\/www.casadocontroleremoto.com.br\/atacado\/wp-json\/wp\/v2\/media\/2368"}],"wp:attachment":[{"href":"https:\/\/www.casadocontroleremoto.com.br\/atacado\/wp-json\/wp\/v2\/media?parent=2367"}],"wp:term":[{"taxonomy":"product_brand","embeddable":true,"href":"https:\/\/www.casadocontroleremoto.com.br\/atacado\/wp-json\/wp\/v2\/product_brand?post=2367"},{"taxonomy":"product_cat","embeddable":true,"href":"https:\/\/www.casadocontroleremoto.com.br\/atacado\/wp-json\/wp\/v2\/product_cat?post=2367"},{"taxonomy":"product_tag","embeddable":true,"href":"https:\/\/www.casadocontroleremoto.com.br\/atacado\/wp-json\/wp\/v2\/product_tag?post=2367"}],"curies":[{"name":"wp","href":"https:\/\/api.w.org\/{rel}","templated":true}]}}