{"id":567,"date":"2015-05-14T14:27:37","date_gmt":"2015-05-14T14:27:37","guid":{"rendered":"http:\/\/www.casadocontroleremoto.com.br\/atacado\/?post_type=product&#038;p=567"},"modified":"2020-09-11T16:29:18","modified_gmt":"2020-09-11T16:29:18","slug":"cr-2088","status":"publish","type":"product","link":"https:\/\/www.casadocontroleremoto.com.br\/atacado\/produto\/cr-2088\/","title":{"rendered":"CR-2088 PORT\u00c3O AUTOM\u00c1TICO GAREN 292MHZ"},"content":{"rendered":"<p>Especifica\u00e7\u00f5es T\u00e9cnicas<br \/>\nFrequ\u00eancia: 292 Mhz<br \/>\nTecnologia: Trimado<br \/>\nMicrocontrolada: N\u00e3o<br \/>\nBateria 12v (a23)<br \/>\nN\u00famero de Bot\u00f5es: 2<\/p>\n","protected":false},"excerpt":{"rendered":"<p>292 MHZ<\/p>\n<p>292 MHZ<\/p>\n","protected":false},"featured_media":568,"comment_status":"open","ping_status":"closed","template":"","meta":{"_et_pb_use_builder":"","_et_pb_old_content":"","_et_gb_content_width":""},"product_brand":[],"product_cat":[21,82],"product_tag":[],"class_list":{"0":"post-567","1":"product","2":"type-product","3":"status-publish","4":"has-post-thumbnail","6":"product_cat-originais","7":"product_cat-portao-automatico","9":"first","10":"outofstock","11":"shipping-taxable","12":"product-type-simple"},"aioseo_notices":[],"_links":{"self":[{"href":"https:\/\/www.casadocontroleremoto.com.br\/atacado\/wp-json\/wp\/v2\/product\/567","targetHints":{"allow":["GET"]}}],"collection":[{"href":"https:\/\/www.casadocontroleremoto.com.br\/atacado\/wp-json\/wp\/v2\/product"}],"about":[{"href":"https:\/\/www.casadocontroleremoto.com.br\/atacado\/wp-json\/wp\/v2\/types\/product"}],"replies":[{"embeddable":true,"href":"https:\/\/www.casadocontroleremoto.com.br\/atacado\/wp-json\/wp\/v2\/comments?post=567"}],"wp:featuredmedia":[{"embeddable":true,"href":"https:\/\/www.casadocontroleremoto.com.br\/atacado\/wp-json\/wp\/v2\/media\/568"}],"wp:attachment":[{"href":"https:\/\/www.casadocontroleremoto.com.br\/atacado\/wp-json\/wp\/v2\/media?parent=567"}],"wp:term":[{"taxonomy":"product_brand","embeddable":true,"href":"https:\/\/www.casadocontroleremoto.com.br\/atacado\/wp-json\/wp\/v2\/product_brand?post=567"},{"taxonomy":"product_cat","embeddable":true,"href":"https:\/\/www.casadocontroleremoto.com.br\/atacado\/wp-json\/wp\/v2\/product_cat?post=567"},{"taxonomy":"product_tag","embeddable":true,"href":"https:\/\/www.casadocontroleremoto.com.br\/atacado\/wp-json\/wp\/v2\/product_tag?post=567"}],"curies":[{"name":"wp","href":"https:\/\/api.w.org\/{rel}","templated":true}]}}