{"id":10387,"date":"2023-06-15T13:30:02","date_gmt":"2023-06-15T13:30:02","guid":{"rendered":"https:\/\/www.casadocontroleremoto.com.br\/varejo\/?post_type=product&#038;p=10387"},"modified":"2023-06-15T13:30:02","modified_gmt":"2023-06-15T13:30:02","slug":"cr-3346-cabo-p2-com-3-rca-femea-p2-audio-e-video-16cm-colorido","status":"publish","type":"product","link":"https:\/\/www.casadocontroleremoto.com.br\/varejo\/produto\/cr-3346-cabo-p2-com-3-rca-femea-p2-audio-e-video-16cm-colorido\/","title":{"rendered":"CR-3346 &#8211; Cabo P2 com 3 RCA F\u00eamea &#8211; P2 \u00c1udio e V\u00eddeo &#8211; 16cm Colorido"},"content":{"rendered":"<p>CR-3346 &#8211; Cabo P2 com 3 RCA F\u00eamea &#8211; P2 \u00c1udio e V\u00eddeo &#8211; 16cm Colorido<\/p>\n","protected":false},"excerpt":{"rendered":"<p>CR-3346 &#8211; Cabo P2 com 3 RCA F\u00eamea &#8211; P2 \u00c1udio e V\u00eddeo &#8211; 16cm Colorido<\/p>\n","protected":false},"featured_media":10388,"comment_status":"open","ping_status":"closed","template":"","meta":{"_et_pb_use_builder":"","_et_pb_old_content":"","_et_gb_content_width":""},"product_brand":[],"product_cat":[253,6],"product_tag":[],"class_list":{"0":"post-10387","1":"product","2":"type-product","3":"status-publish","4":"has-post-thumbnail","6":"product_cat-cabos","7":"product_cat-outros","9":"first","10":"instock","11":"shipping-taxable","12":"purchasable","13":"product-type-simple"},"aioseo_notices":[],"_links":{"self":[{"href":"https:\/\/www.casadocontroleremoto.com.br\/varejo\/wp-json\/wp\/v2\/product\/10387","targetHints":{"allow":["GET"]}}],"collection":[{"href":"https:\/\/www.casadocontroleremoto.com.br\/varejo\/wp-json\/wp\/v2\/product"}],"about":[{"href":"https:\/\/www.casadocontroleremoto.com.br\/varejo\/wp-json\/wp\/v2\/types\/product"}],"replies":[{"embeddable":true,"href":"https:\/\/www.casadocontroleremoto.com.br\/varejo\/wp-json\/wp\/v2\/comments?post=10387"}],"wp:featuredmedia":[{"embeddable":true,"href":"https:\/\/www.casadocontroleremoto.com.br\/varejo\/wp-json\/wp\/v2\/media\/10388"}],"wp:attachment":[{"href":"https:\/\/www.casadocontroleremoto.com.br\/varejo\/wp-json\/wp\/v2\/media?parent=10387"}],"wp:term":[{"taxonomy":"product_brand","embeddable":true,"href":"https:\/\/www.casadocontroleremoto.com.br\/varejo\/wp-json\/wp\/v2\/product_brand?post=10387"},{"taxonomy":"product_cat","embeddable":true,"href":"https:\/\/www.casadocontroleremoto.com.br\/varejo\/wp-json\/wp\/v2\/product_cat?post=10387"},{"taxonomy":"product_tag","embeddable":true,"href":"https:\/\/www.casadocontroleremoto.com.br\/varejo\/wp-json\/wp\/v2\/product_tag?post=10387"}],"curies":[{"name":"wp","href":"https:\/\/api.w.org\/{rel}","templated":true}]}}