{"id":10393,"date":"2023-06-15T13:33:04","date_gmt":"2023-06-15T13:33:04","guid":{"rendered":"https:\/\/www.casadocontroleremoto.com.br\/varejo\/?post_type=product&#038;p=10393"},"modified":"2023-06-15T13:33:04","modified_gmt":"2023-06-15T13:33:04","slug":"cr-3348-cabo-p2-com-2-rca-femea-p2-para-audio-e-video-22cm","status":"publish","type":"product","link":"https:\/\/www.casadocontroleremoto.com.br\/varejo\/produto\/cr-3348-cabo-p2-com-2-rca-femea-p2-para-audio-e-video-22cm\/","title":{"rendered":"CR-3348 &#8211; Cabo P2 com 2 RCA F\u00eamea &#8211; P2 para \u00c1udio e V\u00eddeo &#8211; 22cm"},"content":{"rendered":"<p>CR-3348 &#8211; Cabo P2 com 2 RCA F\u00eamea &#8211; P2 para \u00c1udio e V\u00eddeo &#8211; 22cm<\/p>\n","protected":false},"excerpt":{"rendered":"<p>CR-3348 &#8211; Cabo P2 com 2 RCA F\u00eamea &#8211; P2 para \u00c1udio e V\u00eddeo &#8211; 22cm<\/p>\n","protected":false},"featured_media":10394,"comment_status":"open","ping_status":"closed","template":"","meta":{"_et_pb_use_builder":"","_et_pb_old_content":"","_et_gb_content_width":""},"product_brand":[],"product_cat":[253,6],"product_tag":[],"class_list":{"0":"post-10393","1":"product","2":"type-product","3":"status-publish","4":"has-post-thumbnail","6":"product_cat-cabos","7":"product_cat-outros","9":"first","10":"instock","11":"shipping-taxable","12":"purchasable","13":"product-type-simple"},"aioseo_notices":[],"_links":{"self":[{"href":"https:\/\/www.casadocontroleremoto.com.br\/varejo\/wp-json\/wp\/v2\/product\/10393","targetHints":{"allow":["GET"]}}],"collection":[{"href":"https:\/\/www.casadocontroleremoto.com.br\/varejo\/wp-json\/wp\/v2\/product"}],"about":[{"href":"https:\/\/www.casadocontroleremoto.com.br\/varejo\/wp-json\/wp\/v2\/types\/product"}],"replies":[{"embeddable":true,"href":"https:\/\/www.casadocontroleremoto.com.br\/varejo\/wp-json\/wp\/v2\/comments?post=10393"}],"wp:featuredmedia":[{"embeddable":true,"href":"https:\/\/www.casadocontroleremoto.com.br\/varejo\/wp-json\/wp\/v2\/media\/10394"}],"wp:attachment":[{"href":"https:\/\/www.casadocontroleremoto.com.br\/varejo\/wp-json\/wp\/v2\/media?parent=10393"}],"wp:term":[{"taxonomy":"product_brand","embeddable":true,"href":"https:\/\/www.casadocontroleremoto.com.br\/varejo\/wp-json\/wp\/v2\/product_brand?post=10393"},{"taxonomy":"product_cat","embeddable":true,"href":"https:\/\/www.casadocontroleremoto.com.br\/varejo\/wp-json\/wp\/v2\/product_cat?post=10393"},{"taxonomy":"product_tag","embeddable":true,"href":"https:\/\/www.casadocontroleremoto.com.br\/varejo\/wp-json\/wp\/v2\/product_tag?post=10393"}],"curies":[{"name":"wp","href":"https:\/\/api.w.org\/{rel}","templated":true}]}}