{"id":104,"date":"2015-05-20T13:31:53","date_gmt":"2015-05-20T13:31:53","guid":{"rendered":"http:\/\/www.casadocontroleremoto.com.br\/varejo\/?post_type=product&#038;p=104"},"modified":"2020-09-11T15:13:21","modified_gmt":"2020-09-11T15:13:21","slug":"cr-2550","status":"publish","type":"product","link":"https:\/\/www.casadocontroleremoto.com.br\/varejo\/produto\/cr-2550\/","title":{"rendered":"CR-2550 TV AOC c\/ Fun\u00e7\u00e3o Digital SKY-7942"},"content":{"rendered":"<p>MODELOS COMPAT\u00cdVEIS<\/p>\n<p>D32W831\/D42H831\/D47H831<\/p>\n","protected":false},"excerpt":{"rendered":"<p>Pata TV c\/ Fun\u00e7\u00e3o Digital<\/p>\n<p>TV AOC C\/ FU<\/p>\n","protected":false},"featured_media":105,"comment_status":"open","ping_status":"closed","template":"","meta":{"_et_pb_use_builder":"","_et_pb_old_content":"","_et_gb_content_width":""},"product_brand":[],"product_cat":[17,11],"product_tag":[],"class_list":{"0":"post-104","1":"product","2":"type-product","3":"status-publish","4":"has-post-thumbnail","6":"product_cat-aoc-paralelos","7":"product_cat-paralelos","9":"first","10":"outofstock","11":"shipping-taxable","12":"product-type-simple"},"aioseo_notices":[],"_links":{"self":[{"href":"https:\/\/www.casadocontroleremoto.com.br\/varejo\/wp-json\/wp\/v2\/product\/104","targetHints":{"allow":["GET"]}}],"collection":[{"href":"https:\/\/www.casadocontroleremoto.com.br\/varejo\/wp-json\/wp\/v2\/product"}],"about":[{"href":"https:\/\/www.casadocontroleremoto.com.br\/varejo\/wp-json\/wp\/v2\/types\/product"}],"replies":[{"embeddable":true,"href":"https:\/\/www.casadocontroleremoto.com.br\/varejo\/wp-json\/wp\/v2\/comments?post=104"}],"wp:featuredmedia":[{"embeddable":true,"href":"https:\/\/www.casadocontroleremoto.com.br\/varejo\/wp-json\/wp\/v2\/media\/105"}],"wp:attachment":[{"href":"https:\/\/www.casadocontroleremoto.com.br\/varejo\/wp-json\/wp\/v2\/media?parent=104"}],"wp:term":[{"taxonomy":"product_brand","embeddable":true,"href":"https:\/\/www.casadocontroleremoto.com.br\/varejo\/wp-json\/wp\/v2\/product_brand?post=104"},{"taxonomy":"product_cat","embeddable":true,"href":"https:\/\/www.casadocontroleremoto.com.br\/varejo\/wp-json\/wp\/v2\/product_cat?post=104"},{"taxonomy":"product_tag","embeddable":true,"href":"https:\/\/www.casadocontroleremoto.com.br\/varejo\/wp-json\/wp\/v2\/product_tag?post=104"}],"curies":[{"name":"wp","href":"https:\/\/api.w.org\/{rel}","templated":true}]}}