{"id":10866,"date":"2026-04-18T15:07:16","date_gmt":"2026-04-18T15:07:16","guid":{"rendered":"https:\/\/www.casadocontroleremoto.com.br\/varejo\/?post_type=product&#038;p=10866"},"modified":"2026-04-18T15:07:16","modified_gmt":"2026-04-18T15:07:16","slug":"cr-3409-ar-condicionado-springer-midea-rg10ab2s-42affci09s5-le-7315","status":"publish","type":"product","link":"https:\/\/www.casadocontroleremoto.com.br\/varejo\/produto\/cr-3409-ar-condicionado-springer-midea-rg10ab2s-42affci09s5-le-7315\/","title":{"rendered":"CR-3409 &#8211; Ar Condicionado Springer\/Midea RG10A(B2S) 42AFFCI09S5 &#8211; LE-7315"},"content":{"rendered":"<p>Springer\/Midea RG10A(B2S) 42AFFCI09S5<\/p>\n<p>Springer\/Midea RG10A(B2S) 42AFFCI09S5<\/p>\n<p>Marca compat\u00edvel: Springer Midea<\/p>\n<p>Tipo: Split<\/p>\n<p>Aplica\u00e7\u00e3o: Substitui o controle RG10B\/BGE \/ RG10B\/BGEF \/ RG10B\/BGCF \/ RG10B(B)\/BGEF<\/p>\n<p>Modelos: 42AFFCI09S5 42AFFCI12S5 42AFFCI18S5 42AFFCI22S5 42AGFCI30S5<\/p>\n","protected":false},"excerpt":{"rendered":"<p>Springer\/Midea RG10A(B2S) 42AFFCI09S5 Springer\/Midea RG10A(B2S) 42AFFCI09S5 Marca compat\u00edvel: Springer Midea Tipo: Split Aplica\u00e7\u00e3o: Substitui o controle RG10B\/BGE \/ RG10B\/BGEF \/ RG10B\/BGCF \/ RG10B(B)\/BGEF Modelos: 42AFFCI09S5 42AFFCI12S5 42AFFCI18S5 42AFFCI22S5 42AGFCI30S5<\/p>\n","protected":false},"featured_media":10867,"comment_status":"open","ping_status":"closed","template":"","meta":{"_et_pb_use_builder":"","_et_pb_old_content":"","_et_gb_content_width":""},"product_brand":[],"product_cat":[256,104,148],"product_tag":[],"class_list":{"0":"post-10866","1":"product","2":"type-product","3":"status-publish","4":"has-post-thumbnail","6":"product_cat-ar-condicionado","7":"product_cat-midea","8":"product_cat-springer","10":"first","11":"instock","12":"shipping-taxable","13":"purchasable","14":"product-type-simple"},"aioseo_notices":[],"_links":{"self":[{"href":"https:\/\/www.casadocontroleremoto.com.br\/varejo\/wp-json\/wp\/v2\/product\/10866","targetHints":{"allow":["GET"]}}],"collection":[{"href":"https:\/\/www.casadocontroleremoto.com.br\/varejo\/wp-json\/wp\/v2\/product"}],"about":[{"href":"https:\/\/www.casadocontroleremoto.com.br\/varejo\/wp-json\/wp\/v2\/types\/product"}],"replies":[{"embeddable":true,"href":"https:\/\/www.casadocontroleremoto.com.br\/varejo\/wp-json\/wp\/v2\/comments?post=10866"}],"wp:featuredmedia":[{"embeddable":true,"href":"https:\/\/www.casadocontroleremoto.com.br\/varejo\/wp-json\/wp\/v2\/media\/10867"}],"wp:attachment":[{"href":"https:\/\/www.casadocontroleremoto.com.br\/varejo\/wp-json\/wp\/v2\/media?parent=10866"}],"wp:term":[{"taxonomy":"product_brand","embeddable":true,"href":"https:\/\/www.casadocontroleremoto.com.br\/varejo\/wp-json\/wp\/v2\/product_brand?post=10866"},{"taxonomy":"product_cat","embeddable":true,"href":"https:\/\/www.casadocontroleremoto.com.br\/varejo\/wp-json\/wp\/v2\/product_cat?post=10866"},{"taxonomy":"product_tag","embeddable":true,"href":"https:\/\/www.casadocontroleremoto.com.br\/varejo\/wp-json\/wp\/v2\/product_tag?post=10866"}],"curies":[{"name":"wp","href":"https:\/\/api.w.org\/{rel}","templated":true}]}}