{"id":2754,"date":"2015-11-13T13:42:52","date_gmt":"2015-11-13T13:42:52","guid":{"rendered":"http:\/\/www.casadocontroleremoto.com.br\/varejo\/?post_type=product&#038;p=2754"},"modified":"2022-08-15T16:58:10","modified_gmt":"2022-08-15T16:58:10","slug":"cr-3000-lg-de-servico","status":"publish","type":"product","link":"https:\/\/www.casadocontroleremoto.com.br\/varejo\/produto\/cr-3000-lg-de-servico\/","title":{"rendered":"CR-3000 LG DE SERVI\u00c7O MKJ39I70878 SKY-7016"},"content":{"rendered":"<p>O controle remoto de servi\u00e7o LG \u00e9 um controle remoto espec\u00edfico para assist\u00eancia t\u00e9cnica, na qual o t\u00e9cnico poder\u00e1 entrar no modo de servi\u00e7o de TVs CRT (tubo), plasma, LCD e LED e fazer diversos ajustes.<\/p>\n","protected":false},"excerpt":{"rendered":"<p>O controle remoto de servi\u00e7o LG \u00e9 um controle remoto espec\u00edfico para assist\u00eancia t\u00e9cnica, na qual o t\u00e9cnico poder\u00e1 entrar no modo de servi\u00e7o de TVs CRT (tubo), plasma, LCD e LED e fazer diversos ajustes.<\/p>\n","protected":false},"featured_media":2755,"comment_status":"open","ping_status":"closed","template":"","meta":{"_et_pb_use_builder":"","_et_pb_old_content":"","_et_gb_content_width":""},"product_brand":[],"product_cat":[91,11],"product_tag":[],"class_list":{"0":"post-2754","1":"product","2":"type-product","3":"status-publish","4":"has-post-thumbnail","6":"product_cat-lg-paralelos","7":"product_cat-paralelos","9":"first","10":"outofstock","11":"shipping-taxable","12":"product-type-simple"},"aioseo_notices":[],"_links":{"self":[{"href":"https:\/\/www.casadocontroleremoto.com.br\/varejo\/wp-json\/wp\/v2\/product\/2754","targetHints":{"allow":["GET"]}}],"collection":[{"href":"https:\/\/www.casadocontroleremoto.com.br\/varejo\/wp-json\/wp\/v2\/product"}],"about":[{"href":"https:\/\/www.casadocontroleremoto.com.br\/varejo\/wp-json\/wp\/v2\/types\/product"}],"replies":[{"embeddable":true,"href":"https:\/\/www.casadocontroleremoto.com.br\/varejo\/wp-json\/wp\/v2\/comments?post=2754"}],"wp:featuredmedia":[{"embeddable":true,"href":"https:\/\/www.casadocontroleremoto.com.br\/varejo\/wp-json\/wp\/v2\/media\/2755"}],"wp:attachment":[{"href":"https:\/\/www.casadocontroleremoto.com.br\/varejo\/wp-json\/wp\/v2\/media?parent=2754"}],"wp:term":[{"taxonomy":"product_brand","embeddable":true,"href":"https:\/\/www.casadocontroleremoto.com.br\/varejo\/wp-json\/wp\/v2\/product_brand?post=2754"},{"taxonomy":"product_cat","embeddable":true,"href":"https:\/\/www.casadocontroleremoto.com.br\/varejo\/wp-json\/wp\/v2\/product_cat?post=2754"},{"taxonomy":"product_tag","embeddable":true,"href":"https:\/\/www.casadocontroleremoto.com.br\/varejo\/wp-json\/wp\/v2\/product_tag?post=2754"}],"curies":[{"name":"wp","href":"https:\/\/api.w.org\/{rel}","templated":true}]}}